{"id":2889,"date":"2025-10-22T10:35:07","date_gmt":"2025-10-22T10:35:07","guid":{"rendered":"https:\/\/www.connect-smartdrive.com\/?page_id=2889"},"modified":"2026-01-29T21:06:08","modified_gmt":"2026-01-29T21:06:08","slug":"navette-chauffeur-coupe-du-monde","status":"publish","type":"page","link":"https:\/\/connect-smartdrive.com\/fr\/navette-chauffeur-coupe-du-monde\/","title":{"rendered":"Coupe du Monde 2026 &#8211; USA et Canada"},"content":{"rendered":"<section id=\"booking\" class=\"sec-a-hero sec-a-page section-dark section-pattern section-60 \">\n    <div class=\"container\">\n                <div class=\"col-1 content\">\n            <h1 class=\"title max-343\">Transport Priv\u00e9 Coupe du Monde de la FIFA 2026<\/h1>\n            <div class=\"max-343\"><p class=\"p1\">D\u00e9fi logistique sans pr\u00e9c\u00e9dent. La Coupe du Monde 2026\u00a0 n\u00e9cessite une mobilit\u00e9 intelligente et strat\u00e9gique. Aux Etats-Unis et au Canada.<\/p>\n<p class=\"p1\">Membres essentiels d\u2019une \u00e9quipe nationale, un repr\u00e9sentant d\u2019une d\u00e9l\u00e9gation officielle ou groupes de passionn\u00e9s, votre succ\u00e8s et votre tranquillit\u00e9 d\u2019esprit d\u00e9pendent d\u2019une exp\u00e9rience de d\u00e9placement exclusive, s\u00e9curis\u00e9e et d\u2019une efficacit\u00e9 redoutable \u00e0 travers les villes h\u00f4tes majeures. Faites confiance \u00e0 Connect Smart Drive pour remplir cette mission.<\/p>\n<\/div>\n        <\/div>\n        <div class=\"col-2\">\n            <div class=\"booking-form max-343 page will-glow\">\n    <label hidden=\"\" class=\"input-hidden-lang\" data-lang=\"fr\"><\/label>\n    <div class=\"inputs\">\n                <div id=\"startPoint\" class=\"input-container input-container-text\">\n            <label>\n                <i class=\"icon s1 i-csd-startpoint\"><\/i>\n                <input type=\"text\" id=\"fromTextField\" placeholder=\"Adresse de d\u00e9part\" value=\"\" class=\"pac-target-input\" autocomplete=\"off\">\n            <\/label>\n        <\/div>\n                <div id=\"swapPoints\" class=\"input-swap\">\n            <i class=\"icon s1 i-o-swap-vertical\"><\/i>\n        <\/div>\n                        <div id=\"endPoint\" class=\"input-container input-container-text\">\n            <label>\n                <i class=\"icon s1 i-csd-flag-checkered\"><\/i>\n                <input type=\"text\" id=\"toTextField\" placeholder=\"Adresse d'arriv\u00e9e\" value=\"\" class=\"pac-target-input\" autocomplete=\"off\">\n            <\/label>\n        <\/div>\n            <\/div>\n    <a id=\"viewPricesButton\" class=\"cta\" href=\"https:\/\/booking.connect-smartdrive.com\/fr\">Voir les prix<\/a>\n<\/div>\n\n        <\/div>\n            <\/div>\n<\/section>\n\n\n<section class=\"sec-d-content-column section-pt-8 section-pb-8 section-70 section-light \">\n    <div class=\"container\">\n                            <div class=\"image max-343\">\n                                <img alt=\"\" srcset=\"https:\/\/connect-smartdrive.com\/app\/uploads\/2025\/10\/cup-fifa-worldcup-1280x854.webp 1280w, https:\/\/connect-smartdrive.com\/app\/uploads\/2025\/10\/cup-fifa-worldcup-172x115.webp 172w, https:\/\/connect-smartdrive.com\/app\/uploads\/2025\/10\/cup-fifa-worldcup-343x229.webp 343w, https:\/\/connect-smartdrive.com\/app\/uploads\/2025\/10\/cup-fifa-worldcup-480x320.webp 480w, https:\/\/connect-smartdrive.com\/app\/uploads\/2025\/10\/cup-fifa-worldcup-768x512.webp 768w, https:\/\/connect-smartdrive.com\/app\/uploads\/2025\/10\/cup-fifa-worldcup.webp 1635w\" sizes=\"100vw\">\n            <\/div>\n                <div class=\"content max-311\">\n            <div class=\"container\">\n                <div class=\"headline\">\n                                            <h2>Une couverture g\u00e9ographique in\u00e9gal\u00e9e : De Toronto \u00e0 Miami ex\u00e9cut\u00e9e par nos services<\/h2>\n                                        <div class=\"description\"><p >L\u2019\u00e9dition 2026 de la Coupe du Monde se distingue par sa dimension transcontinentale, impliquant de multiples fuseaux horaires et des milliers de kilom\u00e8tres. Connect Smart Drive a anticip\u00e9 ce d\u00e9fi en \u00e9tablissant un r\u00e9seau logistique int\u00e9gr\u00e9 et performant sur l&rsquo;ensemble des villes h\u00f4tes cl\u00e9s aux \u00c9tats-Unis et au Canada que vous ciblez. Nous vous offrons une solution de transport harmonis\u00e9e, quel que soit l&rsquo;endroit o\u00f9 votre itin\u00e9raire vous m\u00e8ne.<\/p>\n<p >Notre pr\u00e9sence strat\u00e9gique s&rsquo;\u00e9tend sur :<strong><\/strong><\/p>\n<ul >\n<li ><strong>Les \u00c9tats-Unis :<\/strong> Atlanta, Boston, <strong><a href=\"https:\/\/www.connect-smartdrive.com\/fr\/chauffeur-prive-dallas-usa\/\">Dallas<\/a><\/strong>, Houston, Kansas City, Los Angeles, Miami, <strong><a href=\"https:\/\/www.connect-smartdrive.com\/fr\/chauffeur-service-new-york\/\">New York<\/a><\/strong>\/New Jersey, Philadelphie, San Francisco (Bay Area), et Seattle.<\/li>\n<li ><strong>le Canada :<\/strong> Toronto et Vancouver.<\/li>\n<\/ul>\n<p >Cette couverture compl\u00e8te signifie que vous b\u00e9n\u00e9ficiez du m\u00eame niveau d&rsquo;excellence et de la m\u00eame rigueur si vous atterrissiez \u00e0 l&rsquo;a\u00e9roport international Hartsfield-Jackson d&rsquo;Atlanta pour un match de poule, ou que vous vous d\u00e9placiez entre les entra\u00eenements et les h\u00f4tels \u00e0 Vancouver. Finis les tracas des r\u00e9servations multiples, des incoh\u00e9rences de service ou des barri\u00e8res linguistiques. Avec Connect Smart Drive, vous disposez d&rsquo;un interlocuteur unique et d&rsquo;un standard de service coh\u00e9rent pour l&rsquo;int\u00e9gralit\u00e9 de votre s\u00e9jour. Notre connaissance approfondie des infrastructures locales, des itin\u00e9raires optimis\u00e9s et des r\u00e9glementations sp\u00e9cifiques \u00e0 chaque ville (zones de trafic, acc\u00e8s s\u00e9curis\u00e9s aux stades) reste votre garantie d&rsquo;une mobilit\u00e9 sans retard ni mauvaise surprise, essentielle dans le contexte ultra-r\u00e9glement\u00e9 d&rsquo;un \u00e9v\u00e9nement mondial.<\/p>\n<\/div>\n                <\/div>\n                            <\/div>\n        <\/div>\n<\/section>\n\n\n<section class=\"sec-d-content-column section-pt-8 section-pb-8 section-70 section-light separator-top separator-bottom \">\n    <div class=\"container\">\n                            <div class=\"image max-343\">\n                                <img alt=\"Centre des affaires \u00e0 Dallas et d\u00e9placement haut de gamme\" srcset=\"https:\/\/connect-smartdrive.com\/app\/uploads\/2025\/09\/dallas-ville-skyline-1280x854.webp 1280w, https:\/\/connect-smartdrive.com\/app\/uploads\/2025\/09\/dallas-ville-skyline-172x115.webp 172w, https:\/\/connect-smartdrive.com\/app\/uploads\/2025\/09\/dallas-ville-skyline-343x229.webp 343w, https:\/\/connect-smartdrive.com\/app\/uploads\/2025\/09\/dallas-ville-skyline-480x320.webp 480w, https:\/\/connect-smartdrive.com\/app\/uploads\/2025\/09\/dallas-ville-skyline-768x512.webp 768w, https:\/\/connect-smartdrive.com\/app\/uploads\/2025\/09\/dallas-ville-skyline.webp 1636w\" sizes=\"100vw\">\n            <\/div>\n                <div class=\"content max-311\">\n            <div class=\"container\">\n                <div class=\"headline\">\n                                            <h2>Services sur mesure : L&rsquo;exclusivit\u00e9 pour les \u00e9quipes et des d\u00e9l\u00e9gations<\/h2>\n                                        <div class=\"description\"><p >Comprendre les imp\u00e9ratifs du sport de haut niveau et des missions diplomatiques est au c\u0153ur de l&rsquo;approche de Connect Smart Drive. Les \u00e9quipes nationales, les d\u00e9l\u00e9gations gouvernementales ou les cadres sup\u00e9rieurs des sponsors ont des besoins de transport qui vont bien au-del\u00e0 du service standard. Ils exigent la discr\u00e9tion, la s\u00e9curit\u00e9 et la capacit\u00e9 de s&rsquo;adapter \u00e0 la dynamique changeante d&rsquo;un tournoi.<\/p>\n<\/div>\n                <\/div>\n                                    <div class=\"buttons\">\n                                                    <a href=\"#booking\" class=\"cta\">R\u00e9server d\u00e8s maintenant<\/a>\n                                                                    <\/div>\n                            <\/div>\n        <\/div>\n<\/section>\n\n\n\n<section class=\"sec-c-content-columns section-pt-8 section-pb-8 section-light tabulations  section-70 automation \">\n    <div class=\"container\">\n                        <div class=\"row-50-50 tab tab-1 active content\">\n            <div class=\"col-1 max-311\">\n                <div class=\"headline\">\n                                            <h3 >Navettes pour les \u00e9quipes nationales\u00a0<\/h3>\n                                        <div class=\"description\"><p >Nous fournissons une flotte de v\u00e9hicules de luxe et de navettes premium adapt\u00e9es au transport de joueurs, staff technique et \u00e9quipement. Nos chauffeurs sont tri\u00e9s sur le volet pour leur professionnalisme, leur discr\u00e9tion absolue et leur capacit\u00e9 \u00e0 maintenir un environnement serein, propice \u00e0 la concentration avant un match. Nous g\u00e9rons :<\/p>\n<ul >\n<li ><strong>Transferts a\u00e9roport (ATL, DFW, LAX, YYZ, YVR, etc.) :<\/strong> Prise en charge VIP et sans attente, y compris l&rsquo;assistance bagages et mat\u00e9riel sportif lourd.<\/li>\n<li ><strong>Navettes quotidiennes :<\/strong> D\u00e9placements optimis\u00e9s entre h\u00f4tels, centres d&rsquo;entra\u00eenement et stades, en respectant les imp\u00e9ratifs d&rsquo;horaires stricts.<\/li>\n<li ><strong>Logistique d&rsquo;\u00e9v\u00e9nements :<\/strong> Coordination des mouvements du staff et des officiels lors de conf\u00e9rences de presse ou de r\u00e9ceptions officielles.<\/li>\n<\/ul>\n<\/div>\n                <\/div>\n                            <\/div>\n            <div class=\"col-2 max-343\">\n                                                    <img class=\"null\" alt=\"\" \n                        width=\"992\"\n                        height=\"1323\"\n                        srcset=\"https:\/\/connect-smartdrive.com\/app\/uploads\/2025\/10\/connect-smart-drvive-greeter-a-l-arrivee-2-768x1024.webp 768w, https:\/\/connect-smartdrive.com\/app\/uploads\/2025\/10\/connect-smart-drvive-greeter-a-l-arrivee-2-172x229.webp 172w, https:\/\/connect-smartdrive.com\/app\/uploads\/2025\/10\/connect-smart-drvive-greeter-a-l-arrivee-2-343x457.webp 343w, https:\/\/connect-smartdrive.com\/app\/uploads\/2025\/10\/connect-smart-drvive-greeter-a-l-arrivee-2-480x640.webp 480w, https:\/\/connect-smartdrive.com\/app\/uploads\/2025\/10\/connect-smart-drvive-greeter-a-l-arrivee-2.webp 992w\" \n                        sizes=\"(max-width: 768px) 100vw, \n                            50vw\">\n                            <\/div>\n        <\/div>\n                        <div class=\"row-50-50 tab tab-2 next content\">\n            <div class=\"col-1 max-311\">\n                <div class=\"headline\">\n                                            <h3 >Accompagnement des voyageurs et d\u00e9l\u00e9gations officielles\u00a0<\/h3>\n                                        <div class=\"description\"><p >Pour les hauts fonctionnaires, les dignitaires, ou les supporters VIP, Connect Smart Drive propose un service de chauffeur priv\u00e9 avec des v\u00e9hicules haut de gamme (berlines de luxe, SUVs spacieux) :<\/p>\n<ul >\n<li ><strong>Discr\u00e9tion et Confidentialit\u00e9 :<\/strong> Nos chauffeurs respectent une stricte obligation de confidentialit\u00e9, assurant la protection des conversations et des itin\u00e9raires.<\/li>\n<li ><strong>Flexibilit\u00e9 Totale :<\/strong> Service \u00e0 l&rsquo;heure ou \u00e0 la journ\u00e9e, avec une r\u00e9activit\u00e9 imm\u00e9diate pour les changements d&rsquo;itin\u00e9raire de derni\u00e8re minute, fr\u00e9quents pour les d\u00e9l\u00e9gations.<\/li>\n<li ><strong>Accueil Personnalis\u00e9 :<\/strong> Nos chauffeurs parlent plusieurs langues, poss\u00e8dent une connaissance des protocoles diplomatiques et sont form\u00e9s pour anticiper les besoins de la client\u00e8le la plus exigeante.<\/li>\n<\/ul>\n<\/div>\n                <\/div>\n                            <\/div>\n            <div class=\"col-2 max-343\">\n                                                    <img class=\"null\" alt=\"\" \n                        width=\"992\"\n                        height=\"1472\"\n                        srcset=\"https:\/\/connect-smartdrive.com\/app\/uploads\/2025\/10\/fifa-worldcup-stadium-2-768x1140.webp 768w, https:\/\/connect-smartdrive.com\/app\/uploads\/2025\/10\/fifa-worldcup-stadium-2-172x255.webp 172w, https:\/\/connect-smartdrive.com\/app\/uploads\/2025\/10\/fifa-worldcup-stadium-2-343x509.webp 343w, https:\/\/connect-smartdrive.com\/app\/uploads\/2025\/10\/fifa-worldcup-stadium-2-480x712.webp 480w, https:\/\/connect-smartdrive.com\/app\/uploads\/2025\/10\/fifa-worldcup-stadium-2.webp 992w\" \n                        sizes=\"(max-width: 768px) 100vw, \n                            50vw\">\n                            <\/div>\n        <\/div>\n            <\/div>\n        <div class=\"container\">\n        <div class=\"row-50-50\">\n            <div class=\"col-1\"><\/div>\n            <div class=\"col-2 max-311\">\n                <div class=\"container\">\n                    <div class=\"tab-names\">\n                                                    <div class=\"tab-name active tab-name-1 mode-dark\">\n                                <span>\n                                    \u00c9quipes\n                                <\/span>\n                            <\/div>\n                                                    <div class=\"tab-name next tab-name-2 mode-dark\">\n                                <span>\n                                    Voyageurs &#8211; D\u00e9l\u00e9gations\n                                <\/span>\n                            <\/div>\n                                            <\/div>\n                <\/div>\n            <\/div>\n        <\/div>\n    <\/div>\n    <\/section>\n\n\n<section class=\"sec-d-content-column section-pt-8 section-pb-8 section-70 section-light separator-top \">\n    <div class=\"container\">\n                            <div class=\"image max-343\">\n                                <img alt=\"\" srcset=\"https:\/\/connect-smartdrive.com\/app\/uploads\/2025\/09\/seattle-ville-cityscape-1280x854.webp 1280w, https:\/\/connect-smartdrive.com\/app\/uploads\/2025\/09\/seattle-ville-cityscape-172x115.webp 172w, https:\/\/connect-smartdrive.com\/app\/uploads\/2025\/09\/seattle-ville-cityscape-343x229.webp 343w, https:\/\/connect-smartdrive.com\/app\/uploads\/2025\/09\/seattle-ville-cityscape-480x320.webp 480w, https:\/\/connect-smartdrive.com\/app\/uploads\/2025\/09\/seattle-ville-cityscape-768x512.webp 768w, https:\/\/connect-smartdrive.com\/app\/uploads\/2025\/09\/seattle-ville-cityscape.webp 1636w\" sizes=\"100vw\">\n            <\/div>\n                <div class=\"content max-311\">\n            <div class=\"container\">\n                <div class=\"headline\">\n                                            <h2>Partenariat et r\u00e9servation exclusive<\/h2>\n                                        <div class=\"description\"><p >L&rsquo;envergure de la Coupe du Monde de la FIFA 2026 impliquera une pression logistique consid\u00e9rable sur les ressources de transport locales. Pour garantir le service haut de gamme promis, Connect Smart Drive met en place un mod\u00e8le de partenariat exclusif.<\/p>\n<p >Nous encourageons les \u00e9quipes, les agences de voyage de luxe et les d\u00e9l\u00e9gations \u00e0 <strong>r\u00e9server leurs solutions de transport bien \u00e0 l&rsquo;avance<\/strong>. Ce processus de r\u00e9servation anticip\u00e9e nous permet de d\u00e9dier une flotte de v\u00e9hicules et un ou plusieurs chauffeurs principaux \u00e0 votre entit\u00e9 pour toute la dur\u00e9e du tournoi, garantissant une disponibilit\u00e9 sans faille et une familiarit\u00e9 totale du chauffeur avec votre planning sp\u00e9cifique.<\/p>\n<p >Des a\u00e9roports aux stades, des h\u00f4tels aux r\u00e9unions officielles, laissez l&rsquo;expertise de Connect Smart Drive prendre en charge votre mobilit\u00e9 dans l\u2019une ou la totalit\u00e9 de nos treize villes h\u00f4tes (Atlanta, Boston, Dallas, Houston, Kansas City, Los Angeles, Miami, New York\/New Jersey, Philadelphie, San Francisco, Seattle, Toronto, Vancouver). Contactez-nous d\u00e8s aujourd&rsquo;hui pour concevoir votre plan de transport sur mesure et transformer ce d\u00e9fi logistique en un avantage comp\u00e9titif.<\/p>\n<\/div>\n                <\/div>\n                                    <div class=\"buttons\">\n                                                    <a href=\"#booking\" class=\"cta\">R\u00e9server d\u00e8s maintenant<\/a>\n                                                                    <\/div>\n                            <\/div>\n        <\/div>\n<\/section>","protected":false},"excerpt":{"rendered":"","protected":false},"author":2,"featured_media":0,"parent":0,"menu_order":0,"comment_status":"closed","ping_status":"closed","template":"","meta":{"_acf_changed":false,"footnotes":""},"class_list":["post-2889","page","type-page","status-publish","hentry"],"acf":[],"_links":{"self":[{"href":"https:\/\/connect-smartdrive.com\/fr\/wp-json\/wp\/v2\/pages\/2889","targetHints":{"allow":["GET"]}}],"collection":[{"href":"https:\/\/connect-smartdrive.com\/fr\/wp-json\/wp\/v2\/pages"}],"about":[{"href":"https:\/\/connect-smartdrive.com\/fr\/wp-json\/wp\/v2\/types\/page"}],"author":[{"embeddable":true,"href":"https:\/\/connect-smartdrive.com\/fr\/wp-json\/wp\/v2\/users\/2"}],"replies":[{"embeddable":true,"href":"https:\/\/connect-smartdrive.com\/fr\/wp-json\/wp\/v2\/comments?post=2889"}],"version-history":[{"count":16,"href":"https:\/\/connect-smartdrive.com\/fr\/wp-json\/wp\/v2\/pages\/2889\/revisions"}],"predecessor-version":[{"id":3113,"href":"https:\/\/connect-smartdrive.com\/fr\/wp-json\/wp\/v2\/pages\/2889\/revisions\/3113"}],"wp:attachment":[{"href":"https:\/\/connect-smartdrive.com\/fr\/wp-json\/wp\/v2\/media?parent=2889"}],"curies":[{"name":"wp","href":"https:\/\/api.w.org\/{rel}","templated":true}]}}