{"id":627,"date":"2024-06-04T20:14:07","date_gmt":"2024-06-04T20:14:07","guid":{"rendered":"https:\/\/www.connect-smartdrive.com\/?page_id=627"},"modified":"2025-05-14T09:04:32","modified_gmt":"2025-05-14T09:04:32","slug":"devenir-chauffeur-vtc","status":"publish","type":"page","link":"https:\/\/connect-smartdrive.com\/fr\/devenir-chauffeur-vtc\/","title":{"rendered":"Chauffeurs"},"content":{"rendered":"<section class=\"sec-e-content-columns section-pt-8 section-light section-60 \">\n    <div class=\"container max-311\">\n        <div class=\"headline\">\n            <h1 class=\"title \">Devenez chauffeur et profitez d\u2019avantages exclusifs<\/h1>\n        <\/div>\n        <div class=\"content row-50-50\">\n            <div class=\"col-1\">\n                <div class=\"image\">\n                                                                <img alt=\"Chauffeur \/ Private Driver Application, New ride offer\" srcset=\"https:\/\/connect-smartdrive.com\/app\/uploads\/2024\/06\/connect-smart-drive-chauffeur-01-768x981.webp 768w, https:\/\/connect-smartdrive.com\/app\/uploads\/2024\/06\/connect-smart-drive-chauffeur-01-172x220.webp 172w, https:\/\/connect-smartdrive.com\/app\/uploads\/2024\/06\/connect-smart-drive-chauffeur-01-343x438.webp 343w, https:\/\/connect-smartdrive.com\/app\/uploads\/2024\/06\/connect-smart-drive-chauffeur-01-480x613.webp 480w, https:\/\/connect-smartdrive.com\/app\/uploads\/2024\/06\/connect-smart-drive-chauffeur-01.webp 778w\" sizes=\"(max-width: 768px) 100vw, 50vw\">\n                                    <\/div>\n                            <\/div>\n            <div class=\"col-2 \">\n                <div><p>Rejoignez notre \u00e9quipe de chauffeurs et b\u00e9n\u00e9ficiez d\u2019une application d\u00e9di\u00e9e qui facilite votre travail quotidien. Avec notre technologie avanc\u00e9e, vous avez acc\u00e8s \u00e0 une client\u00e8le de prestige et des opportunit\u00e9s de revenus stables et attractives. D\u00e9couvrez les nombreux avantages de notre service et comment il peut transformer votre activit\u00e9 de chauffeur.<\/p>\n<\/div>\n                                    <a href=\"#modal-app-driver\" class=\"cta\">T\u00e9l\u00e9charger l&rsquo;application chauffeur<\/a>\n                            <\/div>\n        <\/div>\n    <\/div>\n<\/section>\n\n\n\n<section class=\"sec-c-content-columns section-pt-8 section-pb-8 section-pink section-60 \">\n    <div class=\"container\">\n                        <div class=\"row-48-39  content\">\n            <div class=\"col-1 max-311\">\n                <div class=\"headline\">\n                                            <h2 class=\"h1\" >Une application d\u00e9di\u00e9e<\/h2>\n                                        <div class=\"description\"><p>Notre application mobile est sp\u00e9cialement con\u00e7ue pour r\u00e9pondre aux besoins des chauffeurs professionnels. Gagnez du temps et de l\u2019efficacit\u00e9 gr\u00e2ce \u00e0 une interface intuitive qui vous permet de g\u00e9rer vos r\u00e9servations, suivre vos trajets et bien plus encore.<\/p>\n<\/div>\n                <\/div>\n                                <div class=\"buttons\">\n                                            <a href=\"#modal-app-driver\" class=\"cta\">Obtenir l&rsquo;application<\/a>\n                                                        <\/div>\n                            <\/div>\n            <div class=\"col-2 max-343\">\n                                                    <img class=\"image-style-handphone\" alt=\"Chauffeur \/ Private Driver Application, Homepage\" \n                        width=\"918\"\n                        height=\"930\"\n                        srcset=\"https:\/\/connect-smartdrive.com\/app\/uploads\/2024\/06\/connect-smart-drive-driver-app-768x778.png 768w, https:\/\/connect-smartdrive.com\/app\/uploads\/2024\/06\/connect-smart-drive-driver-app-172x174.png 172w, https:\/\/connect-smartdrive.com\/app\/uploads\/2024\/06\/connect-smart-drive-driver-app-343x347.png 343w, https:\/\/connect-smartdrive.com\/app\/uploads\/2024\/06\/connect-smart-drive-driver-app-480x486.png 480w, https:\/\/connect-smartdrive.com\/app\/uploads\/2024\/06\/connect-smart-drive-driver-app.png 918w\" \n                        sizes=\"(max-width: 768px) 100vw, \n                            50vw\">\n                            <\/div>\n        <\/div>\n            <\/div>\n    <\/section>\n\n\n\n<section class=\"sec-c-content-columns section-pt-8 section-pb-8 section-light section-60 \">\n    <div class=\"container\">\n                        <div class=\"row-50-50  content\">\n            <div class=\"col-1 max-311\">\n                <div class=\"headline\">\n                                            <h2 >Suivez et g\u00e9rez vos courses en un seul endroit<\/h2>\n                                        <div class=\"description\"><p>Consultez toutes vos courses pass\u00e9es et en cours directement depuis l\u2019application. Vous pouvez suivre vos trajets en temps r\u00e9el, v\u00e9rifier les d\u00e9tails de chaque course et vous assurer que tout se d\u00e9roule sans encombre.<\/p>\n<\/div>\n                <\/div>\n                                <div class=\"buttons\">\n                                            <a href=\"#modal-app-driver\" class=\"cta\">T\u00e9l\u00e9charger l&rsquo;application chauffeur<\/a>\n                                                        <\/div>\n                            <\/div>\n            <div class=\"col-2 max-343\">\n                                                    <img class=\"null\" alt=\"Chauffeur \/ Private Driver Application, booking\" \n                        width=\"1192\"\n                        height=\"896\"\n                        srcset=\"https:\/\/connect-smartdrive.com\/app\/uploads\/2024\/06\/connect-smart-drive-chauffeur-suivi-768x577.webp 768w, https:\/\/connect-smartdrive.com\/app\/uploads\/2024\/06\/connect-smart-drive-chauffeur-suivi-172x129.webp 172w, https:\/\/connect-smartdrive.com\/app\/uploads\/2024\/06\/connect-smart-drive-chauffeur-suivi-343x258.webp 343w, https:\/\/connect-smartdrive.com\/app\/uploads\/2024\/06\/connect-smart-drive-chauffeur-suivi-480x361.webp 480w, https:\/\/connect-smartdrive.com\/app\/uploads\/2024\/06\/connect-smart-drive-chauffeur-suivi.webp 1192w\" \n                        sizes=\"(max-width: 768px) 100vw, \n                            50vw\">\n                            <\/div>\n        <\/div>\n            <\/div>\n    <\/section>\n\n\n<section class=\"sec-e-content-columns section-pt-8 section-grey section-60 \">\n    <div class=\"container max-311\">\n        <div class=\"headline\">\n            <h2 class=\"title \">Suivez vos revenus et analysez vos performances<\/h2>\n        <\/div>\n        <div class=\"content row-50-50\">\n            <div class=\"col-1\">\n                <div class=\"image\">\n                                                                <img alt=\"Chauffeur \/ Private Driver Application, Incomes\" srcset=\"https:\/\/connect-smartdrive.com\/app\/uploads\/2024\/06\/connect-smart-drive-revenus-768x761.webp 768w, https:\/\/connect-smartdrive.com\/app\/uploads\/2024\/06\/connect-smart-drive-revenus-172x171.webp 172w, https:\/\/connect-smartdrive.com\/app\/uploads\/2024\/06\/connect-smart-drive-revenus-343x340.webp 343w, https:\/\/connect-smartdrive.com\/app\/uploads\/2024\/06\/connect-smart-drive-revenus-480x476.webp 480w, https:\/\/connect-smartdrive.com\/app\/uploads\/2024\/06\/connect-smart-drive-revenus.webp 1172w\" sizes=\"(max-width: 768px) 100vw, 50vw\">\n                                    <\/div>\n                            <\/div>\n            <div class=\"col-2 \">\n                <div><p>Acc\u00e9dez \u00e0 un tableau de bord d\u00e9taill\u00e9 de vos revenus. Vous pouvez trier et filtrer vos gains par jour, semaine ou mois, vous offrant une vue claire et pr\u00e9cise de votre activit\u00e9 et de vos performances financi\u00e8res.<\/p>\n<\/div>\n                                    <a href=\"#modal-app-driver\" class=\"cta\">T\u00e9l\u00e9charger l&rsquo;application chauffeur<\/a>\n                            <\/div>\n        <\/div>\n    <\/div>\n<\/section>\n\n\n\n<section class=\"sec-c-content-columns section-pt-8 section-pb-8 section-light  section-70 box-pt-6 box-pb-6 box-pattern box-pink \">\n    <div class=\"container\">\n                        <div class=\"row-53-34  content\">\n            <div class=\"col-1 max-311\">\n                <div class=\"headline\">\n                                            <h2 >Rejoignez notre programme Super Smarter<\/h2>\n                                        <div class=\"description\"><p>Notre programme Super Smarter encourage les chauffeurs \u00e0 effectuer plus de courses pour obtenir des avantages exclusifs. Cumulez des points \u00e0 chaque course et \u00e9changez-les contre des r\u00e9compenses telles que des primes, des r\u00e9ductions sur les services de la plateforme, et bien plus encore.<\/p>\n<\/div>\n                <\/div>\n                                <div class=\"buttons\">\n                                            <a href=\"#modal-app-driver\" class=\"cta\">Commencer<\/a>\n                                                        <\/div>\n                            <\/div>\n            <div class=\"col-2 max-343\">\n                                                    <img class=\"null\" alt=\"Chauffeur \/ Private Driver Application, Super Smart Program\" \n                        width=\"1311\"\n                        height=\"1018\"\n                        srcset=\"https:\/\/connect-smartdrive.com\/app\/uploads\/2024\/06\/connect-smart-drive-royalty-chauffeurs-768x596.webp 768w, https:\/\/connect-smartdrive.com\/app\/uploads\/2024\/06\/connect-smart-drive-royalty-chauffeurs-172x134.webp 172w, https:\/\/connect-smartdrive.com\/app\/uploads\/2024\/06\/connect-smart-drive-royalty-chauffeurs-343x266.webp 343w, https:\/\/connect-smartdrive.com\/app\/uploads\/2024\/06\/connect-smart-drive-royalty-chauffeurs-480x373.webp 480w, https:\/\/connect-smartdrive.com\/app\/uploads\/2024\/06\/connect-smart-drive-royalty-chauffeurs-1280x994.webp 1280w, https:\/\/connect-smartdrive.com\/app\/uploads\/2024\/06\/connect-smart-drive-royalty-chauffeurs.webp 1311w\" \n                        sizes=\"(max-width: 768px) 100vw, \n                            50vw\">\n                            <\/div>\n        <\/div>\n            <\/div>\n    <\/section>","protected":false},"excerpt":{"rendered":"","protected":false},"author":1,"featured_media":0,"parent":0,"menu_order":0,"comment_status":"closed","ping_status":"closed","template":"","meta":{"_acf_changed":false,"footnotes":""},"class_list":["post-627","page","type-page","status-publish","hentry"],"acf":[],"_links":{"self":[{"href":"https:\/\/connect-smartdrive.com\/fr\/wp-json\/wp\/v2\/pages\/627","targetHints":{"allow":["GET"]}}],"collection":[{"href":"https:\/\/connect-smartdrive.com\/fr\/wp-json\/wp\/v2\/pages"}],"about":[{"href":"https:\/\/connect-smartdrive.com\/fr\/wp-json\/wp\/v2\/types\/page"}],"author":[{"embeddable":true,"href":"https:\/\/connect-smartdrive.com\/fr\/wp-json\/wp\/v2\/users\/1"}],"replies":[{"embeddable":true,"href":"https:\/\/connect-smartdrive.com\/fr\/wp-json\/wp\/v2\/comments?post=627"}],"version-history":[{"count":0,"href":"https:\/\/connect-smartdrive.com\/fr\/wp-json\/wp\/v2\/pages\/627\/revisions"}],"wp:attachment":[{"href":"https:\/\/connect-smartdrive.com\/fr\/wp-json\/wp\/v2\/media?parent=627"}],"curies":[{"name":"wp","href":"https:\/\/api.w.org\/{rel}","templated":true}]}}