{"id":629,"date":"2024-06-04T20:14:17","date_gmt":"2024-06-04T20:14:17","guid":{"rendered":"https:\/\/www.connect-smartdrive.com\/?page_id=629"},"modified":"2025-05-14T10:08:05","modified_gmt":"2025-05-14T10:08:05","slug":"vtc-transport-pour-professionnels","status":"publish","type":"page","link":"https:\/\/connect-smartdrive.com\/fr\/vtc-transport-pour-professionnels\/","title":{"rendered":"Professionnels"},"content":{"rendered":"<section class=\"sec-e-content-columns section-pt-8 section-light section-60 \">\n    <div class=\"container max-311\">\n        <div class=\"headline\">\n            <h1 class=\"title \">Solutions de transport avec chauffeur pour les professionnels<\/h1>\n        <\/div>\n        <div class=\"content row-50-50\">\n            <div class=\"col-1\">\n                <div class=\"image\">\n                                                                <img alt=\"Professional Driver Booking, Book a Private Driver\" srcset=\"https:\/\/connect-smartdrive.com\/app\/uploads\/2024\/06\/connect-smart-drive-professionnels-01.webp 751w, https:\/\/connect-smartdrive.com\/app\/uploads\/2024\/06\/connect-smart-drive-professionnels-01-172x229.webp 172w, https:\/\/connect-smartdrive.com\/app\/uploads\/2024\/06\/connect-smart-drive-professionnels-01-343x458.webp 343w, https:\/\/connect-smartdrive.com\/app\/uploads\/2024\/06\/connect-smart-drive-professionnels-01-480x640.webp 480w\" sizes=\"(max-width: 768px) 100vw, 50vw\">\n                                    <\/div>\n                            <\/div>\n            <div class=\"col-2 \">\n                <div><p>Notre application est id\u00e9ale pour les agences de talents et les entreprises, offrant des fonctionnalit\u00e9s adapt\u00e9es pour g\u00e9rer efficacement les besoins de transport de vos clients et collaborateurs. D\u00e9couvrez comment notre service peut simplifier vos d\u00e9placements professionnels.<\/p>\n<\/div>\n                                    <a href=\"#modal-app\" class=\"cta\">Obtenir l&rsquo;application<\/a>\n                            <\/div>\n        <\/div>\n    <\/div>\n<\/section>\n\n\n\n<section class=\"sec-c-content-columns section-pt-8 section-pb-8 section-grey  section-70 \">\n    <div class=\"container\">\n                        <div class=\"row-50-50  content\">\n            <div class=\"col-1 max-311\">\n                <div class=\"headline\">\n                                            <h2 >G\u00e9rez plusieurs passagers facilement<\/h2>\n                                        <div class=\"description\"><p>Pour les agences de talents ou les entreprises, notre application permet de r\u00e9server des trajets pour diff\u00e9rents passagers. En tant qu\u2019utilisateur principal, vous pouvez r\u00e9server pour quelqu\u2019un d\u2019autre, et cette personne recevra les notifications et le suivi du trajet via SMS. Vous pouvez \u00e9galement suivre le trajet de votre c\u00f4t\u00e9, assurant une coordination parfaite et une communication fluide.<\/p>\n<\/div>\n                <\/div>\n                                <div class=\"buttons\">\n                                            <a href=\"#modal-app\" class=\"cta\">Obtenir l&rsquo;application<\/a>\n                                                        <\/div>\n                            <\/div>\n            <div class=\"col-2 max-343\">\n                                                    <img class=\"null\" alt=\"Professional Driver Booking, Add passengers\" \n                        width=\"1160\"\n                        height=\"1036\"\n                        srcset=\"https:\/\/connect-smartdrive.com\/app\/uploads\/2024\/06\/connect-smart-drive-professionnels-passagers-768x686.webp 768w, https:\/\/connect-smartdrive.com\/app\/uploads\/2024\/06\/connect-smart-drive-professionnels-passagers-172x154.webp 172w, https:\/\/connect-smartdrive.com\/app\/uploads\/2024\/06\/connect-smart-drive-professionnels-passagers-343x306.webp 343w, https:\/\/connect-smartdrive.com\/app\/uploads\/2024\/06\/connect-smart-drive-professionnels-passagers-480x429.webp 480w, https:\/\/connect-smartdrive.com\/app\/uploads\/2024\/06\/connect-smart-drive-professionnels-passagers.webp 1160w\" \n                        sizes=\"(max-width: 768px) 100vw, \n                            50vw\">\n                            <\/div>\n        <\/div>\n            <\/div>\n    <\/section>\n\n\n\n<section class=\"sec-c-content-columns section-pt-8 section-pb-8 section-light section-pattern section-60 \">\n    <div class=\"container\">\n                        <div class=\"row-50-50  content\">\n            <div class=\"col-1 max-311\">\n                <div class=\"headline\">\n                                            <h2 >Programmez vos trajets \u00e0 l&rsquo;avance<\/h2>\n                                        <div class=\"description\"><p>Planifiez vos d\u00e9placements \u00e0 l\u2019avance gr\u00e2ce \u00e0 notre fonctionnalit\u00e9 de programmation. Vous pouvez r\u00e9server plusieurs trajets \u00e0 l\u2019avance pour vos clients ou collaborateurs, garantissant une organisation sans faille et une tranquillit\u00e9 d\u2019esprit totale.<\/p>\n<\/div>\n                <\/div>\n                                <div class=\"buttons\">\n                                            <a href=\"#modal-app\" class=\"cta\">Obtenir l&rsquo;application<\/a>\n                                                        <\/div>\n                            <\/div>\n            <div class=\"col-2 max-343\">\n                                                    <img class=\"null\" alt=\"Professional Driver Booking, Schedule\" \n                        width=\"686\"\n                        height=\"358\"\n                        srcset=\"https:\/\/connect-smartdrive.com\/app\/uploads\/2024\/06\/connect-smart-drive-professionnels-trajets.webp 686w, https:\/\/connect-smartdrive.com\/app\/uploads\/2024\/06\/connect-smart-drive-professionnels-trajets-172x90.webp 172w, https:\/\/connect-smartdrive.com\/app\/uploads\/2024\/06\/connect-smart-drive-professionnels-trajets-343x179.webp 343w, https:\/\/connect-smartdrive.com\/app\/uploads\/2024\/06\/connect-smart-drive-professionnels-trajets-480x250.webp 480w\" \n                        sizes=\"(max-width: 768px) 100vw, \n                            50vw\">\n                            <\/div>\n        <\/div>\n            <\/div>\n    <\/section>\n\n\n\n<section class=\"sec-c-content-columns section-pt-8 section-pb-8 section-light tabulations  section-70 automation \">\n    <div class=\"container\">\n                        <div class=\"row-50-50 tab tab-1 active content\">\n            <div class=\"col-1 max-311\">\n                <div class=\"headline\">\n                                            <h2 >Accueil personnalis\u00e9 \u00e0 l&rsquo;arriv\u00e9e<\/h2>\n                                        <div class=\"description\"><p>Offrez un accueil chaleureux et personnalis\u00e9 \u00e0 vos clients ou collaborateurs d\u00e8s leur arriv\u00e9e avec notre service de greeter. \u00c0 leur descente d\u2019avion, de train ou de bus, un greeter sera pr\u00e9sent pour les accueillir, les aider avec leurs bagages et les guider jusqu\u2019\u00e0 leur v\u00e9hicule. Ce service assure un d\u00e9but de voyage sans stress et une impression positive d\u00e8s le premier instant.<\/p>\n<\/div>\n                <\/div>\n                                <div class=\"buttons\">\n                                            <a href=\"#modal-app\" class=\"cta\">Obtenir l&rsquo;application<\/a>\n                                                        <\/div>\n                            <\/div>\n            <div class=\"col-2 max-343\">\n                                                    <img class=\"null\" alt=\"Professional Driver Booking, Airport Greeter at Arrival\" \n                        width=\"992\"\n                        height=\"1100\"\n                        srcset=\"https:\/\/connect-smartdrive.com\/app\/uploads\/2024\/06\/connect-smart-drvive-greeter-a-l-arrivee-768x852.webp 768w, https:\/\/connect-smartdrive.com\/app\/uploads\/2024\/06\/connect-smart-drvive-greeter-a-l-arrivee-172x191.webp 172w, https:\/\/connect-smartdrive.com\/app\/uploads\/2024\/06\/connect-smart-drvive-greeter-a-l-arrivee-343x380.webp 343w, https:\/\/connect-smartdrive.com\/app\/uploads\/2024\/06\/connect-smart-drvive-greeter-a-l-arrivee-480x532.webp 480w, https:\/\/connect-smartdrive.com\/app\/uploads\/2024\/06\/connect-smart-drvive-greeter-a-l-arrivee.webp 992w\" \n                        sizes=\"(max-width: 768px) 100vw, \n                            50vw\">\n                            <\/div>\n        <\/div>\n                        <div class=\"row-50-50 tab tab-2 next content\">\n            <div class=\"col-1 max-311\">\n                <div class=\"headline\">\n                                            <h2 >Assistance personnalis\u00e9e au d\u00e9part<\/h2>\n                                        <div class=\"description\"><p>Assurez un d\u00e9part sans tracas pour vos clients ou collaborateurs avec notre service de greeter. Avant leur d\u00e9part, un greeter sera pr\u00e9sent pour les aider avec leurs bagages, les guider \u00e0 travers les proc\u00e9dures de d\u00e9part et les accompagner jusqu\u2019\u00e0 leur v\u00e9hicule. Ce service garantit une exp\u00e9rience de d\u00e9part fluide et agr\u00e9able, en offrant une assistance attentive et professionnelle.<\/p>\n<\/div>\n                <\/div>\n                                <div class=\"buttons\">\n                                            <a href=\"#modal-app\" class=\"cta\">Obtenir l&rsquo;application<\/a>\n                                                        <\/div>\n                            <\/div>\n            <div class=\"col-2 max-343\">\n                                                    <img class=\"null\" alt=\"Professional Driver Booking, Airport Greeter at Departure\" \n                        width=\"992\"\n                        height=\"1100\"\n                        srcset=\"https:\/\/connect-smartdrive.com\/app\/uploads\/2024\/06\/connect-smart-drvive-greeter-au-depart-768x852.webp 768w, https:\/\/connect-smartdrive.com\/app\/uploads\/2024\/06\/connect-smart-drvive-greeter-au-depart-172x191.webp 172w, https:\/\/connect-smartdrive.com\/app\/uploads\/2024\/06\/connect-smart-drvive-greeter-au-depart-343x380.webp 343w, https:\/\/connect-smartdrive.com\/app\/uploads\/2024\/06\/connect-smart-drvive-greeter-au-depart-480x532.webp 480w, https:\/\/connect-smartdrive.com\/app\/uploads\/2024\/06\/connect-smart-drvive-greeter-au-depart.webp 992w\" \n                        sizes=\"(max-width: 768px) 100vw, \n                            50vw\">\n                            <\/div>\n        <\/div>\n            <\/div>\n        <div class=\"container\">\n        <div class=\"row-50-50\">\n            <div class=\"col-1\"><\/div>\n            <div class=\"col-2 max-311\">\n                <div class=\"container\">\n                    <div class=\"tab-names\">\n                                                    <div class=\"tab-name active tab-name-1 mode-dark\">\n                                <span>\n                                    Greeter \u00e0 l&rsquo;arriv\u00e9e\n                                <\/span>\n                            <\/div>\n                                                    <div class=\"tab-name next tab-name-2 mode-dark\">\n                                <span>\n                                    Greeter au d\u00e9part\n                                <\/span>\n                            <\/div>\n                                            <\/div>\n                <\/div>\n            <\/div>\n        <\/div>\n    <\/div>\n    <\/section>\n\n\n<section id=\"booking\" class=\"sec-a-hero sec-a-page section-dark section-pattern section-60 sec-a-small\">\n    <div class=\"container\">\n                <div class=\"col-1 content\">\n            <h2 class=\"title max-343\">Louez un VTC avec chauffeur \u00e0 l\u2019heure<\/h2>\n            <div class=\"max-343\"><p>Pour les \u00e9v\u00e9nements, les r\u00e9unions ou tout autre besoin, louez un VTC avec chauffeur \u00e0 l\u2019heure. Cette solution flexible est id\u00e9ale pour les d\u00e9placements en ville, les visites de sites ou les transferts entre diff\u00e9rents lieux.<\/p>\n<\/div>\n        <\/div>\n        <div class=\"col-2\">\n            <div class=\"booking-form max-343 page will-glow\">\n    <label hidden=\"\" class=\"input-hidden-lang\" data-lang=\"fr\"><\/label>\n    <div class=\"inputs\">\n                <div id=\"startPoint\" class=\"input-container input-container-text\">\n            <label>\n                <i class=\"icon s1 i-csd-startpoint\"><\/i>\n                <input type=\"text\" id=\"fromTextField\" placeholder=\"Adresse de d\u00e9part\" value=\"\" class=\"pac-target-input\" autocomplete=\"off\">\n            <\/label>\n        <\/div>\n                    <\/div>\n    <a id=\"viewPricesButton\" class=\"cta\" href=\"https:\/\/booking.connect-smartdrive.com\/fr\">Voir les prix<\/a>\n<\/div>\n\n        <\/div>\n            <\/div>\n<\/section>\n\n\n<section class=\"sec-e-content-columns section-pt-8 section-grey section-60 \">\n    <div class=\"container max-311\">\n        <div class=\"headline\">\n            <h2 class=\"title \">Suivi et reporting simplifi\u00e9s<\/h2>\n        <\/div>\n        <div class=\"content row-50-50\">\n            <div class=\"col-1\">\n                <div class=\"image\">\n                                                                <img alt=\"Professional Driver Booking, Book a Private Driver\" srcset=\"https:\/\/connect-smartdrive.com\/app\/uploads\/2024\/06\/connect-smart-drive-professionnels-gestion-768x852.webp 768w, https:\/\/connect-smartdrive.com\/app\/uploads\/2024\/06\/connect-smart-drive-professionnels-gestion-172x191.webp 172w, https:\/\/connect-smartdrive.com\/app\/uploads\/2024\/06\/connect-smart-drive-professionnels-gestion-343x380.webp 343w, https:\/\/connect-smartdrive.com\/app\/uploads\/2024\/06\/connect-smart-drive-professionnels-gestion-480x532.webp 480w, https:\/\/connect-smartdrive.com\/app\/uploads\/2024\/06\/connect-smart-drive-professionnels-gestion.webp 1140w\" sizes=\"(max-width: 768px) 100vw, 50vw\">\n                                    <\/div>\n                            <\/div>\n            <div class=\"col-2 \">\n                <div><p>Notre application offre des outils de suivi et de reporting avanc\u00e9s pour vous permettre de g\u00e9rer vos r\u00e9servations et vos d\u00e9penses de mani\u00e8re efficace. Vous pouvez g\u00e9n\u00e9rer des rapports d\u00e9taill\u00e9s, suivre les d\u00e9penses en temps r\u00e9el et g\u00e9rer les factures facilement.<\/p>\n<\/div>\n                                    <a href=\"#modal-app\" class=\"cta\">Obtenir l&rsquo;application<\/a>\n                            <\/div>\n        <\/div>\n    <\/div>\n<\/section>\n\n\n\n<section class=\"sec-c-content-columns section-pt-8 section-pb-8 section-light section-pattern section-70 \">\n    <div class=\"container\">\n                        <div class=\"row-50-50  content\">\n            <div class=\"col-1 max-311\">\n                <div class=\"headline\">\n                                            <h2 >Enregistrez vos chauffeurs favoris<\/h2>\n                                        <div class=\"description\"><p>Pour un service personnalis\u00e9 et fiable, vous pouvez s\u00e9lectionner et r\u00e9server vos chauffeurs favoris. Assurez-vous que vos clients ou collaborateurs b\u00e9n\u00e9ficient toujours du meilleur service avec des chauffeurs qu\u2019ils connaissent et en qui ils ont confiance. Vous devez d\u00e9j\u00e0 \u00eatre pass\u00e9 par un chauffeur en utilisant l&rsquo;application pour pouvoir le sauvegarder par la suite.<\/p>\n<\/div>\n                <\/div>\n                                <div class=\"buttons\">\n                                            <a href=\"#modal-app\" class=\"cta\">Obtenir l&rsquo;application<\/a>\n                                                        <\/div>\n                            <\/div>\n            <div class=\"col-2 max-343\">\n                                                    <img class=\"null\" alt=\"Professional Driver Booking, Book a Private Driver\" \n                        width=\"1280\"\n                        height=\"1280\"\n                        srcset=\"https:\/\/connect-smartdrive.com\/app\/uploads\/2024\/06\/connect-smart-drive-professionnel-chauffeur-768x768.webp 768w, https:\/\/connect-smartdrive.com\/app\/uploads\/2024\/06\/connect-smart-drive-professionnel-chauffeur-172x172.webp 172w, https:\/\/connect-smartdrive.com\/app\/uploads\/2024\/06\/connect-smart-drive-professionnel-chauffeur-343x343.webp 343w, https:\/\/connect-smartdrive.com\/app\/uploads\/2024\/06\/connect-smart-drive-professionnel-chauffeur-480x480.webp 480w, https:\/\/connect-smartdrive.com\/app\/uploads\/2024\/06\/connect-smart-drive-professionnel-chauffeur.webp 1280w\" \n                        sizes=\"(max-width: 768px) 100vw, \n                            50vw\">\n                            <\/div>\n        <\/div>\n            <\/div>\n    <\/section>\n\n\n<section class=\"sec-d-content-column section-pt-8 section-pb-8 section-70 section-light \">\n    <div class=\"container\">\n                            <div class=\"image max-343\">\n                                <img alt=\"Professional Driver Booking, H24\/7 Private Drivers\" srcset=\"https:\/\/connect-smartdrive.com\/app\/uploads\/2024\/06\/connect-smart-drive-professionnels-support-1280x853.webp 1280w, https:\/\/connect-smartdrive.com\/app\/uploads\/2024\/06\/connect-smart-drive-professionnels-support-172x115.webp 172w, https:\/\/connect-smartdrive.com\/app\/uploads\/2024\/06\/connect-smart-drive-professionnels-support-343x229.webp 343w, https:\/\/connect-smartdrive.com\/app\/uploads\/2024\/06\/connect-smart-drive-professionnels-support-480x320.webp 480w, https:\/\/connect-smartdrive.com\/app\/uploads\/2024\/06\/connect-smart-drive-professionnels-support-768x512.webp 768w, https:\/\/connect-smartdrive.com\/app\/uploads\/2024\/06\/connect-smart-drive-professionnels-support.webp 1920w\" sizes=\"100vw\">\n            <\/div>\n                <div class=\"content max-311\">\n            <div class=\"container\">\n                <div class=\"headline\">\n                                            <h2>Un support client 24\/7 <\/h2>\n                                        <div class=\"description\"><p>Notre \u00e9quipe de support client est disponible 24\/7 pour r\u00e9pondre \u00e0 toutes vos questions et r\u00e9soudre vos probl\u00e8mes. Que vous ayez besoin d\u2019assistance pour une r\u00e9servation ou des informations suppl\u00e9mentaires, nous sommes l\u00e0 pour vous aider \u00e0 tout moment.<\/p>\n<\/div>\n                <\/div>\n                                    <div class=\"buttons\">\n                                                    <a href=\"https:\/\/www.connect-smartdrive.com\/contact\/\" class=\"cta\">Trouver de l&rsquo;aide<\/a>\n                                                                    <\/div>\n                            <\/div>\n        <\/div>\n<\/section>","protected":false},"excerpt":{"rendered":"","protected":false},"author":1,"featured_media":0,"parent":0,"menu_order":0,"comment_status":"closed","ping_status":"closed","template":"","meta":{"_acf_changed":false,"footnotes":""},"class_list":["post-629","page","type-page","status-publish","hentry"],"acf":[],"_links":{"self":[{"href":"https:\/\/connect-smartdrive.com\/fr\/wp-json\/wp\/v2\/pages\/629","targetHints":{"allow":["GET"]}}],"collection":[{"href":"https:\/\/connect-smartdrive.com\/fr\/wp-json\/wp\/v2\/pages"}],"about":[{"href":"https:\/\/connect-smartdrive.com\/fr\/wp-json\/wp\/v2\/types\/page"}],"author":[{"embeddable":true,"href":"https:\/\/connect-smartdrive.com\/fr\/wp-json\/wp\/v2\/users\/1"}],"replies":[{"embeddable":true,"href":"https:\/\/connect-smartdrive.com\/fr\/wp-json\/wp\/v2\/comments?post=629"}],"version-history":[{"count":0,"href":"https:\/\/connect-smartdrive.com\/fr\/wp-json\/wp\/v2\/pages\/629\/revisions"}],"wp:attachment":[{"href":"https:\/\/connect-smartdrive.com\/fr\/wp-json\/wp\/v2\/media?parent=629"}],"curies":[{"name":"wp","href":"https:\/\/api.w.org\/{rel}","templated":true}]}}