{"id":631,"date":"2024-06-04T20:14:29","date_gmt":"2024-06-04T20:14:29","guid":{"rendered":"https:\/\/www.connect-smartdrive.com\/?page_id=631"},"modified":"2025-05-22T21:07:53","modified_gmt":"2025-05-22T21:07:53","slug":"contact","status":"publish","type":"page","link":"https:\/\/connect-smartdrive.com\/fr\/contact\/","title":{"rendered":"Contact"},"content":{"rendered":"<section class=\"sec-e-content-columns section-pt-8 section-light  section-70 \">\n    <div class=\"container max-311\">\n        <div class=\"headline\">\n            <h1 class=\"title \">Contactez-nous<\/h1>\n        <\/div>\n        <div class=\"content row-50-50\">\n            <div class=\"col-1\">\n                <div class=\"image\">\n                                                                <img alt=\"Professional Driver Booking, Taxibike\" srcset=\"https:\/\/connect-smartdrive.com\/app\/uploads\/2024\/06\/connect-smart-drive-contact-768x756.webp 768w, https:\/\/connect-smartdrive.com\/app\/uploads\/2024\/06\/connect-smart-drive-contact-172x169.webp 172w, https:\/\/connect-smartdrive.com\/app\/uploads\/2024\/06\/connect-smart-drive-contact-343x337.webp 343w, https:\/\/connect-smartdrive.com\/app\/uploads\/2024\/06\/connect-smart-drive-contact-480x472.webp 480w, https:\/\/connect-smartdrive.com\/app\/uploads\/2024\/06\/connect-smart-drive-contact.webp 992w\" sizes=\"(max-width: 768px) 100vw, 50vw\">\n                                    <\/div>\n                            <\/div>\n            <div class=\"col-2 \">\n                <div><p><strong>CONNECT SMART DRIVE<\/strong><\/p>\n<p>Soci\u00e9t\u00e9 fran\u00e7aise bas\u00e9e en France\n176 AVENUE CHARLES DE GAULLE\n92200 NEUILLY-SUR-SEINE\n+336 83 58 55 25\ncontact@connect-smartdrive.com<\/p>\n<p>Pour toute question ou demande de renseignements, n\u2019h\u00e9sitez pas \u00e0 nous contacter. Notre \u00e9quipe est \u00e0 votre disposition pour vous assister.<\/p>\n<\/div>\n                                    <a href=\"#modal-contact\" class=\"cta\">Contact<\/a>\n                            <\/div>\n        <\/div>\n    <\/div>\n<\/section>","protected":false},"excerpt":{"rendered":"","protected":false},"author":1,"featured_media":0,"parent":0,"menu_order":0,"comment_status":"closed","ping_status":"closed","template":"","meta":{"_acf_changed":false,"footnotes":""},"class_list":["post-631","page","type-page","status-publish","hentry"],"acf":[],"_links":{"self":[{"href":"https:\/\/connect-smartdrive.com\/fr\/wp-json\/wp\/v2\/pages\/631","targetHints":{"allow":["GET"]}}],"collection":[{"href":"https:\/\/connect-smartdrive.com\/fr\/wp-json\/wp\/v2\/pages"}],"about":[{"href":"https:\/\/connect-smartdrive.com\/fr\/wp-json\/wp\/v2\/types\/page"}],"author":[{"embeddable":true,"href":"https:\/\/connect-smartdrive.com\/fr\/wp-json\/wp\/v2\/users\/1"}],"replies":[{"embeddable":true,"href":"https:\/\/connect-smartdrive.com\/fr\/wp-json\/wp\/v2\/comments?post=631"}],"version-history":[{"count":1,"href":"https:\/\/connect-smartdrive.com\/fr\/wp-json\/wp\/v2\/pages\/631\/revisions"}],"predecessor-version":[{"id":2711,"href":"https:\/\/connect-smartdrive.com\/fr\/wp-json\/wp\/v2\/pages\/631\/revisions\/2711"}],"wp:attachment":[{"href":"https:\/\/connect-smartdrive.com\/fr\/wp-json\/wp\/v2\/media?parent=631"}],"curies":[{"name":"wp","href":"https:\/\/api.w.org\/{rel}","templated":true}]}}