{"id":635,"date":"2024-06-04T20:15:10","date_gmt":"2024-06-04T20:15:10","guid":{"rendered":"https:\/\/www.connect-smartdrive.com\/?page_id=635"},"modified":"2025-05-14T10:47:09","modified_gmt":"2025-05-14T10:47:09","slug":"vtc-transfert-ville","status":"publish","type":"page","link":"https:\/\/connect-smartdrive.com\/fr\/vtc-transfert-ville\/","title":{"rendered":"Transfert ville"},"content":{"rendered":"<section id=\"booking\" class=\"sec-a-hero sec-a-page section-dark section-pattern section-60 \">\n    <div class=\"container\">\n                <div class=\"col-1 content\">\n            <h1 class=\"title max-343\">Transferts ville \u00e0 ville de luxe<\/h1>\n            <div class=\"max-343\"><p>Naviguez facilement \u00e0 travers la ville avec nos services de transfert urbain de luxe. Que vous ayez des rendez-vous d\u2019affaires, des \u00e9v\u00e9nements sociaux ou simplement besoin de vous d\u00e9placer rapidement et confortablement, nos chauffeurs professionnels sont \u00e0 votre disposition pour vous offrir une exp\u00e9rience de transport sans stress et agr\u00e9able.<\/p>\n<\/div>\n        <\/div>\n        <div class=\"col-2\">\n            <div class=\"booking-form max-343 page will-glow\">\n    <label hidden=\"\" class=\"input-hidden-lang\" data-lang=\"fr\"><\/label>\n    <div class=\"inputs\">\n                <div id=\"startPoint\" class=\"input-container input-container-text\">\n            <label>\n                <i class=\"icon s1 i-csd-startpoint\"><\/i>\n                <input type=\"text\" id=\"fromTextField\" placeholder=\"Adresse de d\u00e9part\" value=\"\" class=\"pac-target-input\" autocomplete=\"off\">\n            <\/label>\n        <\/div>\n                <div id=\"swapPoints\" class=\"input-swap\">\n            <i class=\"icon s1 i-o-swap-vertical\"><\/i>\n        <\/div>\n                        <div id=\"endPoint\" class=\"input-container input-container-text\">\n            <label>\n                <i class=\"icon s1 i-csd-flag-checkered\"><\/i>\n                <input type=\"text\" id=\"toTextField\" placeholder=\"Adresse d'arriv\u00e9e\" value=\"\" class=\"pac-target-input\" autocomplete=\"off\">\n            <\/label>\n        <\/div>\n            <\/div>\n    <a id=\"viewPricesButton\" class=\"cta\" href=\"https:\/\/booking.connect-smartdrive.com\/fr\">Voir les prix<\/a>\n<\/div>\n\n        <\/div>\n            <\/div>\n<\/section>\n\n\n<section class=\"sec-d-content-column section-pt-8 section-pb-8 section-70 section-light \">\n    <div class=\"container\">\n                            <div class=\"image max-343\">\n                                <img alt=\"City to city ride with Connect Smart Drive\" srcset=\"https:\/\/connect-smartdrive.com\/app\/uploads\/2024\/06\/connect-smart-drive-transfert-ville-a-ville-1280x853.webp 1280w, https:\/\/connect-smartdrive.com\/app\/uploads\/2024\/06\/connect-smart-drive-transfert-ville-a-ville-172x115.webp 172w, https:\/\/connect-smartdrive.com\/app\/uploads\/2024\/06\/connect-smart-drive-transfert-ville-a-ville-343x229.webp 343w, https:\/\/connect-smartdrive.com\/app\/uploads\/2024\/06\/connect-smart-drive-transfert-ville-a-ville-480x320.webp 480w, https:\/\/connect-smartdrive.com\/app\/uploads\/2024\/06\/connect-smart-drive-transfert-ville-a-ville-768x512.webp 768w, https:\/\/connect-smartdrive.com\/app\/uploads\/2024\/06\/connect-smart-drive-transfert-ville-a-ville.webp 1920w\" sizes=\"100vw\">\n            <\/div>\n                <div class=\"content max-311\">\n            <div class=\"container\">\n                <div class=\"headline\">\n                                            <h2>Service de transfert urbain de luxe<\/h2>\n                                        <div class=\"description\"><p>Notre service de transfert urbain est con\u00e7u pour r\u00e9pondre \u00e0 tous vos besoins de d\u00e9placement en ville. Profitez d\u2019une flexibilit\u00e9 totale avec des r\u00e9servations \u00e0 la demande, une flotte de v\u00e9hicules de luxe et des chauffeurs exp\u00e9riment\u00e9s qui connaissent parfaitement la ville. Que ce soit pour des trajets courts ou pour explorer diff\u00e9rents quartiers, nous vous garantissons un service ponctuel et fiable.<\/p>\n<\/div>\n                <\/div>\n                                    <div class=\"buttons\">\n                                                    <a href=\"#booking\" class=\"cta\">R\u00e9server une course<\/a>\n                                                                    <\/div>\n                            <\/div>\n        <\/div>\n<\/section>\n\n\n<section class=\"sec-d-content-column section-pt-8 section-pb-8 section-70 section-light separator-top \">\n    <div class=\"container\">\n                    <div class=\"icons max-311\">\n                                    <div>\n                        <div class=\"picto\">\n                            <i class=\"icon s1 i-o-shield\"><\/i>\n                        <\/div>\n                        <div>Voyagez sereinement avec nos chauffeurs professionnels et v\u00e9hicules s\u00e9curis\u00e9s.\r\n<\/div>\n                    <\/div>\n                                    <div>\n                        <div class=\"picto\">\n                            <i class=\"icon s1 i-o-check\"><\/i>\n                        <\/div>\n                        <div>B\u00e9n\u00e9ficiez de services de qualit\u00e9, flexibles et transparents.\r\n<\/div>\n                    <\/div>\n                            <\/div>\n                            <div class=\"image max-343\">\n                                <img alt=\"Ask for hourly drivers with Connect Smart Drive\" srcset=\"https:\/\/connect-smartdrive.com\/app\/uploads\/2024\/06\/connect-smart-drive-a-l-heure-1280x853.webp 1280w, https:\/\/connect-smartdrive.com\/app\/uploads\/2024\/06\/connect-smart-drive-a-l-heure-172x115.webp 172w, https:\/\/connect-smartdrive.com\/app\/uploads\/2024\/06\/connect-smart-drive-a-l-heure-343x229.webp 343w, https:\/\/connect-smartdrive.com\/app\/uploads\/2024\/06\/connect-smart-drive-a-l-heure-480x320.webp 480w, https:\/\/connect-smartdrive.com\/app\/uploads\/2024\/06\/connect-smart-drive-a-l-heure-768x512.webp 768w, https:\/\/connect-smartdrive.com\/app\/uploads\/2024\/06\/connect-smart-drive-a-l-heure.webp 1920w\" sizes=\"100vw\">\n            <\/div>\n                <div class=\"content max-311\">\n            <div class=\"container\">\n                <div class=\"headline\">\n                                            <h2>Voyagez en confort et en s\u00e9curit\u00e9<\/h2>\n                                        <div class=\"description\"><p>Nos v\u00e9hicules sont \u00e9quip\u00e9s pour assurer votre confort et votre s\u00e9curit\u00e9 pendant vos d\u00e9placements urbains. Profitez de si\u00e8ges en cuir, de la climatisation et de l\u2019espace g\u00e9n\u00e9reux pour vos affaires. Nos chauffeurs sont form\u00e9s pour offrir un service de haute qualit\u00e9, vous garantissant un voyage agr\u00e9able et s\u00e9curis\u00e9, que ce soit pour une course rapide ou une visite plus longue.<\/p>\n<\/div>\n                <\/div>\n                                    <div class=\"buttons\">\n                                                    <a href=\"#booking\" class=\"cta\">R\u00e9server une course<\/a>\n                                                                    <\/div>\n                            <\/div>\n        <\/div>\n<\/section>\n\n\n\n<section class=\"sec-c-content-columns section-pt-8 section-pb-8 section-grey section-60 \">\n    <div class=\"container\">\n                        <div class=\"row-48-39  content\">\n            <div class=\"col-1 max-311\">\n                <div class=\"headline\">\n                                            <h2 >R\u00e9servez directement depuis notre application<\/h2>\n                                        <div class=\"description\"><p>Utilisez notre application mobile pour r\u00e9server un chauffeur en quelques clics. Suivez vos transferts en temps r\u00e9el, recevez des notifications et assurez-vous que vos trajets se d\u00e9roulent sans encombre. Notre technologie avanc\u00e9e simplifie vos r\u00e9servations et vous permet de rester serein tout au long de votre parcours en ville. Vous pouvez \u00e9galement planifier des trajets r\u00e9guliers ou des itin\u00e9raires personnalis\u00e9s selon vos besoins.<\/p>\n<\/div>\n                <\/div>\n                                <div class=\"buttons\">\n                                            <a href=\"#modal-app\" class=\"cta\">Obtenir l&rsquo;application<\/a>\n                                                        <\/div>\n                            <\/div>\n            <div class=\"col-2 max-343\">\n                                                    <img class=\"image-style-handphone\" alt=\"Book a Private Driver with Connect Smart Drive\" \n                        width=\"890\"\n                        height=\"902\"\n                        srcset=\"https:\/\/connect-smartdrive.com\/app\/uploads\/2024\/05\/connect-smart-drive-services-vtc-prives-768x778.webp 768w, https:\/\/connect-smartdrive.com\/app\/uploads\/2024\/05\/connect-smart-drive-services-vtc-prives-172x174.webp 172w, https:\/\/connect-smartdrive.com\/app\/uploads\/2024\/05\/connect-smart-drive-services-vtc-prives-343x348.webp 343w, https:\/\/connect-smartdrive.com\/app\/uploads\/2024\/05\/connect-smart-drive-services-vtc-prives-480x486.webp 480w, https:\/\/connect-smartdrive.com\/app\/uploads\/2024\/05\/connect-smart-drive-services-vtc-prives.webp 890w\" \n                        sizes=\"(max-width: 768px) 100vw, \n                            50vw\">\n                            <\/div>\n        <\/div>\n            <\/div>\n    <\/section>","protected":false},"excerpt":{"rendered":"","protected":false},"author":1,"featured_media":0,"parent":0,"menu_order":0,"comment_status":"closed","ping_status":"closed","template":"","meta":{"_acf_changed":false,"footnotes":""},"class_list":["post-635","page","type-page","status-publish","hentry"],"acf":[],"_links":{"self":[{"href":"https:\/\/connect-smartdrive.com\/fr\/wp-json\/wp\/v2\/pages\/635","targetHints":{"allow":["GET"]}}],"collection":[{"href":"https:\/\/connect-smartdrive.com\/fr\/wp-json\/wp\/v2\/pages"}],"about":[{"href":"https:\/\/connect-smartdrive.com\/fr\/wp-json\/wp\/v2\/types\/page"}],"author":[{"embeddable":true,"href":"https:\/\/connect-smartdrive.com\/fr\/wp-json\/wp\/v2\/users\/1"}],"replies":[{"embeddable":true,"href":"https:\/\/connect-smartdrive.com\/fr\/wp-json\/wp\/v2\/comments?post=635"}],"version-history":[{"count":0,"href":"https:\/\/connect-smartdrive.com\/fr\/wp-json\/wp\/v2\/pages\/635\/revisions"}],"wp:attachment":[{"href":"https:\/\/connect-smartdrive.com\/fr\/wp-json\/wp\/v2\/media?parent=635"}],"curies":[{"name":"wp","href":"https:\/\/api.w.org\/{rel}","templated":true}]}}