{"id":639,"date":"2024-06-04T20:15:50","date_gmt":"2024-06-04T20:15:50","guid":{"rendered":"https:\/\/www.connect-smartdrive.com\/?page_id=639"},"modified":"2026-04-18T17:31:48","modified_gmt":"2026-04-18T17:31:48","slug":"vtc-transfert-disneyland","status":"publish","type":"page","link":"https:\/\/connect-smartdrive.com\/fr\/vtc-transfert-disneyland\/","title":{"rendered":"Chauffeur priv\u00e9\u00a0Disneyland Paris\u00a0"},"content":{"rendered":"<section id=\"booking\" class=\"sec-a-hero sec-a-page section-dark section-pattern section-60 \">\n    <div class=\"container\">\n                <div class=\"col-1 content\">\n            <h1 class=\"title max-343\">Chauffeur priv\u00e9 VIP Disneyland Paris <\/h1>\n            <div class=\"max-343\"><p data-start=\"295\" data-end=\"540\">Organiser une journ\u00e9e ou un s\u00e9jour \u00e0 Disneyland Paris exige une logistique irr\u00e9prochable, surtout lorsque le niveau d\u2019exigence est \u00e9lev\u00e9. Entre l\u2019arriv\u00e9e \u00e0 l\u2019a\u00e9roport, les contraintes horaires du parc et le confort attendu, chaque d\u00e9tail compte. Connect Smart Drive met \u00e0 disposition un service de chauffeur priv\u00e9 luxe d\u00e9di\u00e9 aux clients souhaitant vivre une exp\u00e9rience fluide<\/p>\n<\/div>\n        <\/div>\n        <div class=\"col-2\">\n            <div class=\"booking-form max-343 page will-glow\">\n    <label hidden=\"\" class=\"input-hidden-lang\" data-lang=\"fr\"><\/label>\n    <div class=\"inputs\">\n                <div id=\"startPoint\" class=\"input-container input-container-text\">\n            <label>\n                <i class=\"icon s1 i-csd-startpoint\"><\/i>\n                <input type=\"text\" id=\"fromTextField\" placeholder=\"Adresse de d\u00e9part\" value=\"Disneyland Paris\" class=\"pac-target-input\" autocomplete=\"off\">\n            <\/label>\n        <\/div>\n                <div id=\"swapPoints\" class=\"input-swap\">\n            <i class=\"icon s1 i-o-swap-vertical\"><\/i>\n        <\/div>\n                        <div id=\"endPoint\" class=\"input-container input-container-text\">\n            <label>\n                <i class=\"icon s1 i-csd-flag-checkered\"><\/i>\n                <input type=\"text\" id=\"toTextField\" placeholder=\"Adresse d'arriv\u00e9e\" value=\"\" class=\"pac-target-input\" autocomplete=\"off\">\n            <\/label>\n        <\/div>\n            <\/div>\n    <a id=\"viewPricesButton\" class=\"cta\" href=\"https:\/\/booking.connect-smartdrive.com\/fr\">Voir les prix<\/a>\n<\/div>\n\n        <\/div>\n            <\/div>\n<\/section>\n\n\n<section class=\"sec-d-content-column section-pt-8 section-pb-8 section-70 section-light \">\n    <div class=\"container\">\n                            <div class=\"image max-343\">\n                                <img alt=\"Disneyland transfers with Connect Smart Drive\" srcset=\"https:\/\/connect-smartdrive.com\/app\/uploads\/2024\/06\/connect-smart-drive-transfert-disneyland-1280x853.webp 1280w, https:\/\/connect-smartdrive.com\/app\/uploads\/2024\/06\/connect-smart-drive-transfert-disneyland-172x115.webp 172w, https:\/\/connect-smartdrive.com\/app\/uploads\/2024\/06\/connect-smart-drive-transfert-disneyland-343x229.webp 343w, https:\/\/connect-smartdrive.com\/app\/uploads\/2024\/06\/connect-smart-drive-transfert-disneyland-480x320.webp 480w, https:\/\/connect-smartdrive.com\/app\/uploads\/2024\/06\/connect-smart-drive-transfert-disneyland-768x512.webp 768w, https:\/\/connect-smartdrive.com\/app\/uploads\/2024\/06\/connect-smart-drive-transfert-disneyland.webp 1920w\" sizes=\"100vw\">\n            <\/div>\n                <div class=\"content max-311\">\n            <div class=\"container\">\n                <div class=\"headline\">\n                                            <h2>Transport premium pour acc\u00e9der au parc d&rsquo;attraction <\/h2>\n                                        <div class=\"description\"><p data-start=\"1042\" data-end=\"1275\">Acc\u00e9der \u00e0 Disneyland Paris peut rapidement devenir contraignant sans une organisation rigoureuse : affluence, transports publics satur\u00e9s, correspondances, temps d\u2019attente\u2026 autant d\u2019\u00e9l\u00e9ments incompatibles avec une client\u00e8le exigeante.<\/p>\n<p data-start=\"1277\" data-end=\"1426\">Avec Connect Smart Drive, vous b\u00e9n\u00e9ficiez d\u2019un transport priv\u00e9 haut de gamme qui transforme votre d\u00e9placement en v\u00e9ritable extension de votre s\u00e9jour.<\/p>\n<p data-start=\"1428\" data-end=\"1460\">Nos chauffeurs priv\u00e9s assurent :<\/p>\n<ul data-start=\"1461\" data-end=\"1787\">\n<li data-section-id=\"8nerse\" data-start=\"1461\" data-end=\"1554\">Une prise en charge imm\u00e9diate d\u00e8s votre arriv\u00e9e (a\u00e9roport, gare, h\u00f4tel ou r\u00e9sidence priv\u00e9e)<\/li>\n<li data-section-id=\"ix60t8\" data-start=\"1555\" data-end=\"1630\">Un itin\u00e9raire optimis\u00e9 pour \u00e9viter les zones de congestion autour du parc<\/li>\n<li data-section-id=\"1ok5b11\" data-start=\"1631\" data-end=\"1687\">Une arriv\u00e9e directe \u00e0 l\u2019entr\u00e9e ou \u00e0 votre h\u00f4tel Disney<\/li>\n<li data-section-id=\"inajku\" data-start=\"1688\" data-end=\"1787\">Une flexibilit\u00e9 totale selon votre programme (horaires \u00e9tendus, attente sur place, retour tardif)<\/li>\n<\/ul>\n<p data-start=\"1789\" data-end=\"1921\">Le service est con\u00e7u pour les familles souhaitant du confort, mais aussi pour les clients VIP, d\u00e9l\u00e9gations ou conciergeries de luxe.<\/p>\n<\/div>\n                <\/div>\n                                    <div class=\"buttons\">\n                                                    <a href=\"#booking\" class=\"cta\">R\u00e9server un chauffeur<\/a>\n                                                                    <\/div>\n                            <\/div>\n        <\/div>\n<\/section>\n\n\n\n<section class=\"sec-c-content-columns section-pt-8 section-pb-8 section-grey section-60 \">\n    <div class=\"container\">\n                        <div class=\"row-48-39  content\">\n            <div class=\"col-1 max-311\">\n                <div class=\"headline\">\n                                            <h2 >R\u00e9servez directement depuis notre application<\/h2>\n                                        <div class=\"description\"><p>Utilisez notre application pour r\u00e9server rapidement et facilement votre transfert vers Disneyland. En quelques clics, vous pouvez organiser votre trajet et recevoir une confirmation instantan\u00e9e, vous garantissant une exp\u00e9rience sans tracas d\u00e8s votre arriv\u00e9e. Notre application intuitive vous permet de suivre votre chauffeur en temps r\u00e9el, de recevoir des notifications et de rester inform\u00e9 de l\u2019\u00e9tat de votre transfert \u00e0 tout moment.<\/p>\n<\/div>\n                <\/div>\n                                <div class=\"buttons\">\n                                            <a href=\"#modal-app\" class=\"cta\">Obtenir l&rsquo;application<\/a>\n                                                        <\/div>\n                            <\/div>\n            <div class=\"col-2 max-343\">\n                                                    <img class=\"image-style-handphone\" alt=\"Book a Private Driver with Connect Smart Drive\" \n                        width=\"890\"\n                        height=\"902\"\n                        srcset=\"https:\/\/connect-smartdrive.com\/app\/uploads\/2024\/05\/connect-smart-drive-services-vtc-prives-768x778.webp 768w, https:\/\/connect-smartdrive.com\/app\/uploads\/2024\/05\/connect-smart-drive-services-vtc-prives-172x174.webp 172w, https:\/\/connect-smartdrive.com\/app\/uploads\/2024\/05\/connect-smart-drive-services-vtc-prives-343x348.webp 343w, https:\/\/connect-smartdrive.com\/app\/uploads\/2024\/05\/connect-smart-drive-services-vtc-prives-480x486.webp 480w, https:\/\/connect-smartdrive.com\/app\/uploads\/2024\/05\/connect-smart-drive-services-vtc-prives.webp 890w\" \n                        sizes=\"(max-width: 768px) 100vw, \n                            50vw\">\n                            <\/div>\n        <\/div>\n            <\/div>\n    <\/section>\n\n\n<section class=\"sec-e-content-columns section-pt-8 section-light  section-70 \">\n    <div class=\"container max-311\">\n        <div class=\"headline\">\n            <h2 class=\"title \">Exp\u00e9rience haut de gamme pour famille et client\u00e8le internationale<\/h2>\n        <\/div>\n        <div class=\"content row-50-50\">\n            <div class=\"col-1\">\n                <div class=\"image\">\n                                                                <img alt=\"Chauffeur priv\u00e9 pour Disneyland Paris\" srcset=\"https:\/\/connect-smartdrive.com\/app\/uploads\/2026\/03\/disneyland-paris-castle-768x509.webp 768w, https:\/\/connect-smartdrive.com\/app\/uploads\/2026\/03\/disneyland-paris-castle-172x114.webp 172w, https:\/\/connect-smartdrive.com\/app\/uploads\/2026\/03\/disneyland-paris-castle-343x227.webp 343w, https:\/\/connect-smartdrive.com\/app\/uploads\/2026\/03\/disneyland-paris-castle-480x318.webp 480w, https:\/\/connect-smartdrive.com\/app\/uploads\/2026\/03\/disneyland-paris-castle-1280x848.webp 1280w, https:\/\/connect-smartdrive.com\/app\/uploads\/2026\/03\/disneyland-paris-castle.webp 1635w\" sizes=\"(max-width: 768px) 100vw, 50vw\">\n                                    <\/div>\n                            <\/div>\n            <div class=\"col-2 \">\n                <div><p data-start=\"2015\" data-end=\"2188\">Disneyland Paris attire une client\u00e8le internationale habitu\u00e9e \u00e0 des standards \u00e9lev\u00e9s. Connect Smart Drive s\u2019adapte \u00e0 ces exigences avec un positionnement clairement premium.<\/p>\n<p data-start=\"2190\" data-end=\"2216\">Nos prestations incluent :<\/p>\n<ul data-start=\"2217\" data-end=\"2530\">\n<li data-section-id=\"lxgdsn\" data-start=\"2217\" data-end=\"2298\">V\u00e9hicules haut de gamme spacieux (id\u00e9als pour familles avec enfants et bagages)<\/li>\n<li data-section-id=\"7h3ruq\" data-start=\"2299\" data-end=\"2352\">Chauffeurs professionnels, discrets et multilingues<\/li>\n<li data-section-id=\"1jlzxy8\" data-start=\"2353\" data-end=\"2425\">Confort absolu \u00e0 bord (climatisation, silence, propret\u00e9 irr\u00e9prochable)<\/li>\n<li data-section-id=\"11hl3xv\" data-start=\"2426\" data-end=\"2530\">Gestion personnalis\u00e9e des demandes sp\u00e9cifiques (si\u00e8ges enfants, timing pr\u00e9cis, itin\u00e9raires sur-mesure)<\/li>\n<\/ul>\n<p data-start=\"2532\" data-end=\"2709\">Pour les familles, cela signifie un trajet sans stress avec enfants, poussettes et bagages. Pour les clients VIP, cela garantit discr\u00e9tion, ponctualit\u00e9 et image haut de gamme. Ce niveau de service permet de transformer un simple transfert en une exp\u00e9rience fluide, align\u00e9e avec l\u2019univers premium du s\u00e9jour.<\/p>\n<\/div>\n                            <\/div>\n        <\/div>\n    <\/div>\n<\/section>\n\n\n\n<section class=\"sec-c-content-columns section-pt-8 section-pb-8 section-light  section-70 \">\n    <div class=\"container\">\n                        <div class=\"row-50-50  content\">\n            <div class=\"col-1 max-311\">\n                <div class=\"headline\">\n                                            <h2 >la solution de transport VIP pour un s\u00e9jour de r\u00eave<\/h2>\n                                        <div class=\"description\"><p data-start=\"2925\" data-end=\"3107\">Connect Smart Drive se positionne comme une solution de r\u00e9f\u00e9rence pour les transferts vers Disneyland Paris, en offrant une qualit\u00e9 de service sup\u00e9rieure aux alternatives classiques.<\/p>\n<p data-start=\"3109\" data-end=\"3192\">Contrairement aux taxis standards ou VTC traditionnels, notre approche repose sur :<\/p>\n<ul data-start=\"3193\" data-end=\"3502\">\n<li data-section-id=\"47opca\" data-start=\"3193\" data-end=\"3270\">Une anticipation compl\u00e8te de votre parcours (analyse trafic, timing, acc\u00e8s)<\/li>\n<li data-section-id=\"okp46e\" data-start=\"3271\" data-end=\"3347\">Une disponibilit\u00e9 totale, y compris en haute saison et <a href=\"https:\/\/www.connect-smartdrive.com\/fr\/navette-parc-asterix-chauffeur-prive\/\">\u00e9v\u00e9nements sp\u00e9ciaux<\/a><\/li>\n<li data-section-id=\"ale7hw\" data-start=\"3348\" data-end=\"3416\">Une coordination avec vos horaires de vol, train ou check-in h\u00f4tel<\/li>\n<li data-section-id=\"tdv3o\" data-start=\"3417\" data-end=\"3502\">Une exp\u00e9rience coh\u00e9rente avec un s\u00e9jour luxe (h\u00f4tels 4 et 5 \u00e9toiles, suites, conciergeries)<\/li>\n<\/ul>\n<p>Vous arrivez depuis l\u2019a\u00e9roport, vous s\u00e9journez dans un palace parisien ou vous organisez une journ\u00e9e exceptionnelle en famille, notre service s\u2019adapte \u00e0 votre niveau d\u2019exigence. Avec Connect Smart Drive, votre d\u00e9placement vers Disneyland Paris devient simple, fluide et parfaitement ma\u00eetris\u00e9, du premier kilom\u00e8tre jusqu\u2019\u00e0 l\u2019entr\u00e9e du parc.<\/p>\n<\/div>\n                <\/div>\n                            <\/div>\n            <div class=\"col-2 max-343\">\n                                                    <img class=\"null\" alt=\"Transfert Roissy Disneyland avec chauffeur priv\u00e9\" \n                        width=\"1635\"\n                        height=\"1090\"\n                        srcset=\"https:\/\/connect-smartdrive.com\/app\/uploads\/2026\/03\/disneyland-paris-pirates-768x512.webp 768w, https:\/\/connect-smartdrive.com\/app\/uploads\/2026\/03\/disneyland-paris-pirates-172x115.webp 172w, https:\/\/connect-smartdrive.com\/app\/uploads\/2026\/03\/disneyland-paris-pirates-343x229.webp 343w, https:\/\/connect-smartdrive.com\/app\/uploads\/2026\/03\/disneyland-paris-pirates-480x320.webp 480w, https:\/\/connect-smartdrive.com\/app\/uploads\/2026\/03\/disneyland-paris-pirates-1280x853.webp 1280w, https:\/\/connect-smartdrive.com\/app\/uploads\/2026\/03\/disneyland-paris-pirates.webp 1635w\" \n                        sizes=\"(max-width: 768px) 100vw, \n                            50vw\">\n                            <\/div>\n        <\/div>\n            <\/div>\n    <\/section>","protected":false},"excerpt":{"rendered":"","protected":false},"author":1,"featured_media":0,"parent":0,"menu_order":0,"comment_status":"closed","ping_status":"closed","template":"","meta":{"_acf_changed":false,"footnotes":""},"class_list":["post-639","page","type-page","status-publish","hentry"],"acf":[],"_links":{"self":[{"href":"https:\/\/connect-smartdrive.com\/fr\/wp-json\/wp\/v2\/pages\/639","targetHints":{"allow":["GET"]}}],"collection":[{"href":"https:\/\/connect-smartdrive.com\/fr\/wp-json\/wp\/v2\/pages"}],"about":[{"href":"https:\/\/connect-smartdrive.com\/fr\/wp-json\/wp\/v2\/types\/page"}],"author":[{"embeddable":true,"href":"https:\/\/connect-smartdrive.com\/fr\/wp-json\/wp\/v2\/users\/1"}],"replies":[{"embeddable":true,"href":"https:\/\/connect-smartdrive.com\/fr\/wp-json\/wp\/v2\/comments?post=639"}],"version-history":[{"count":5,"href":"https:\/\/connect-smartdrive.com\/fr\/wp-json\/wp\/v2\/pages\/639\/revisions"}],"predecessor-version":[{"id":3192,"href":"https:\/\/connect-smartdrive.com\/fr\/wp-json\/wp\/v2\/pages\/639\/revisions\/3192"}],"wp:attachment":[{"href":"https:\/\/connect-smartdrive.com\/fr\/wp-json\/wp\/v2\/media?parent=639"}],"curies":[{"name":"wp","href":"https:\/\/api.w.org\/{rel}","templated":true}]}}