{"id":641,"date":"2024-06-04T20:16:05","date_gmt":"2024-06-04T20:16:05","guid":{"rendered":"https:\/\/www.connect-smartdrive.com\/?page_id=641"},"modified":"2025-05-13T21:09:13","modified_gmt":"2025-05-13T21:09:13","slug":"vtc-a-l-heure","status":"publish","type":"page","link":"https:\/\/connect-smartdrive.com\/fr\/vtc-a-l-heure\/","title":{"rendered":"\u00c0 l&rsquo;heure"},"content":{"rendered":"<section id=\"booking\" class=\"sec-a-hero sec-a-page section-dark section-pattern section-60 \">\n    <div class=\"container\">\n                <div class=\"col-1 content\">\n            <h1 class=\"title max-343\">R\u00e9servez un chauffeur VTC \u00e0 l&rsquo;heure<\/h1>\n            <div class=\"max-343\"><p>Avec notre application, r\u00e9servez un chauffeur \u00e0 l\u2019heure, id\u00e9al pour des trajets en ville jusqu\u2019\u00e0 20 km par heure r\u00e9serv\u00e9e. Que vous ayez besoin de faire plusieurs arr\u00eats ou de parcourir la ville pour vos affaires, notre service est flexible et s\u2019adapte \u00e0 vos besoins.<\/p>\n<\/div>\n        <\/div>\n        <div class=\"col-2\">\n            <div class=\"booking-form max-343 page will-glow\">\n    <label hidden=\"\" class=\"input-hidden-lang\" data-lang=\"fr\"><\/label>\n    <div class=\"inputs\">\n                <div id=\"startPoint\" class=\"input-container input-container-text\">\n            <label>\n                <i class=\"icon s1 i-csd-startpoint\"><\/i>\n                <input type=\"text\" id=\"fromTextField\" placeholder=\"Adresse de d\u00e9part\" value=\"\" class=\"pac-target-input\" autocomplete=\"off\">\n            <\/label>\n        <\/div>\n                    <\/div>\n    <a id=\"viewPricesButton\" class=\"cta\" href=\"https:\/\/booking.connect-smartdrive.com\/fr\">Voir les prix<\/a>\n<\/div>\n\n        <\/div>\n            <\/div>\n<\/section>\n\n\n<section class=\"sec-d-content-column section-pt-8 section-pb-8 section-70 section-light \">\n    <div class=\"container\">\n                            <div class=\"image max-343\">\n                                <img alt=\"Ask for hourly drivers with Connect Smart Drive\" srcset=\"https:\/\/connect-smartdrive.com\/app\/uploads\/2024\/06\/connect-smart-drive-a-l-heure-1280x853.webp 1280w, https:\/\/connect-smartdrive.com\/app\/uploads\/2024\/06\/connect-smart-drive-a-l-heure-172x115.webp 172w, https:\/\/connect-smartdrive.com\/app\/uploads\/2024\/06\/connect-smart-drive-a-l-heure-343x229.webp 343w, https:\/\/connect-smartdrive.com\/app\/uploads\/2024\/06\/connect-smart-drive-a-l-heure-480x320.webp 480w, https:\/\/connect-smartdrive.com\/app\/uploads\/2024\/06\/connect-smart-drive-a-l-heure-768x512.webp 768w, https:\/\/connect-smartdrive.com\/app\/uploads\/2024\/06\/connect-smart-drive-a-l-heure.webp 1920w\" sizes=\"100vw\">\n            <\/div>\n                <div class=\"content max-311\">\n            <div class=\"container\">\n                <div class=\"headline\">\n                                            <h2>Pourquoi r\u00e9server un chauffeur \u00e0 l&rsquo;heure ?<\/h2>\n                                        <div class=\"description\"><p>La r\u00e9servation \u00e0 l\u2019heure est pratique pour des r\u00e9unions, des courses en ville ou des visites touristiques sans stress. Profitez d\u2019un chauffeur d\u00e9di\u00e9 qui vous attend et vous accompagne tout au long de votre trajet, vous permettant ainsi de vous d\u00e9placer avec une tranquillit\u00e9 d\u2019esprit totale.<\/p>\n<\/div>\n                <\/div>\n                                    <div class=\"buttons\">\n                                                    <a href=\"#booking\" class=\"cta\">R\u00e9server un chauffeur<\/a>\n                                                                    <\/div>\n                            <\/div>\n        <\/div>\n<\/section>\n\n\n<section class=\"sec-e-content-columns section-pt-8 section-pink  section-70 \">\n    <div class=\"container max-311\">\n        <div class=\"headline\">\n            <h2 class=\"title h1\">Une r\u00e9servation et des tarifs transparents<\/h2>\n        <\/div>\n        <div class=\"content row-50-50\">\n            <div class=\"col-1\">\n                <div class=\"image\">\n                                                                <img alt=\"Hourly Driver Booking System with Connect Smart Drive\" srcset=\"https:\/\/connect-smartdrive.com\/app\/uploads\/2024\/06\/connect-smart-drive-a-l-heure-screenshots-768x617.webp 768w, https:\/\/connect-smartdrive.com\/app\/uploads\/2024\/06\/connect-smart-drive-a-l-heure-screenshots-172x138.webp 172w, https:\/\/connect-smartdrive.com\/app\/uploads\/2024\/06\/connect-smart-drive-a-l-heure-screenshots-343x276.webp 343w, https:\/\/connect-smartdrive.com\/app\/uploads\/2024\/06\/connect-smart-drive-a-l-heure-screenshots-480x386.webp 480w, https:\/\/connect-smartdrive.com\/app\/uploads\/2024\/06\/connect-smart-drive-a-l-heure-screenshots.webp 1056w\" sizes=\"(max-width: 768px) 100vw, 50vw\">\n                                    <\/div>\n                            <\/div>\n            <div class=\"col-2 \">\n                <div><p>Nos tarifs sont clairs et comp\u00e9titifs, sans frais cach\u00e9s. Consultez nos offres sur l\u2019application pour conna\u00eetre les prix exacts avant de r\u00e9server. Nous garantissons une transparence totale afin que vous puissiez planifier vos trajets en toute confiance.<\/p>\n<\/div>\n                                    <a href=\"#booking\" class=\"cta\">R\u00e9server un chauffeur<\/a>\n                            <\/div>\n        <\/div>\n    <\/div>\n<\/section>\n\n\n\n<section class=\"sec-c-content-columns section-pt-8 section-pb-8 section-light section-60 \">\n    <div class=\"container\">\n                        <div class=\"row-48-39  content\">\n            <div class=\"col-1 max-311\">\n                <div class=\"headline\">\n                                            <h2 >R\u00e9servez directement depuis notre application<\/h2>\n                                        <div class=\"description\"><p>Utilisez notre application mobile pour r\u00e9server un chauffeur en quelques clics. Suivez vos transferts en temps r\u00e9el, recevez des notifications et assurez-vous que vos trajets se d\u00e9roulent sans encombre. Notre technologie avanc\u00e9e simplifie vos r\u00e9servations et vous permet de rester serein tout au long de votre parcours en ville.<\/p>\n<\/div>\n                <\/div>\n                                <div class=\"buttons\">\n                                            <a href=\"#modal-app\" class=\"cta\">Obtenir l&rsquo;application<\/a>\n                                                        <\/div>\n                            <\/div>\n            <div class=\"col-2 max-343\">\n                                                    <img class=\"image-style-handphone\" alt=\"Book a Private Driver with Connect Smart Drive\" \n                        width=\"890\"\n                        height=\"902\"\n                        srcset=\"https:\/\/connect-smartdrive.com\/app\/uploads\/2024\/05\/connect-smart-drive-services-vtc-prives-768x778.webp 768w, https:\/\/connect-smartdrive.com\/app\/uploads\/2024\/05\/connect-smart-drive-services-vtc-prives-172x174.webp 172w, https:\/\/connect-smartdrive.com\/app\/uploads\/2024\/05\/connect-smart-drive-services-vtc-prives-343x348.webp 343w, https:\/\/connect-smartdrive.com\/app\/uploads\/2024\/05\/connect-smart-drive-services-vtc-prives-480x486.webp 480w, https:\/\/connect-smartdrive.com\/app\/uploads\/2024\/05\/connect-smart-drive-services-vtc-prives.webp 890w\" \n                        sizes=\"(max-width: 768px) 100vw, \n                            50vw\">\n                            <\/div>\n        <\/div>\n            <\/div>\n    <\/section>","protected":false},"excerpt":{"rendered":"","protected":false},"author":1,"featured_media":0,"parent":0,"menu_order":0,"comment_status":"closed","ping_status":"closed","template":"","meta":{"_acf_changed":false,"footnotes":""},"class_list":["post-641","page","type-page","status-publish","hentry"],"acf":[],"_links":{"self":[{"href":"https:\/\/connect-smartdrive.com\/fr\/wp-json\/wp\/v2\/pages\/641","targetHints":{"allow":["GET"]}}],"collection":[{"href":"https:\/\/connect-smartdrive.com\/fr\/wp-json\/wp\/v2\/pages"}],"about":[{"href":"https:\/\/connect-smartdrive.com\/fr\/wp-json\/wp\/v2\/types\/page"}],"author":[{"embeddable":true,"href":"https:\/\/connect-smartdrive.com\/fr\/wp-json\/wp\/v2\/users\/1"}],"replies":[{"embeddable":true,"href":"https:\/\/connect-smartdrive.com\/fr\/wp-json\/wp\/v2\/comments?post=641"}],"version-history":[{"count":0,"href":"https:\/\/connect-smartdrive.com\/fr\/wp-json\/wp\/v2\/pages\/641\/revisions"}],"wp:attachment":[{"href":"https:\/\/connect-smartdrive.com\/fr\/wp-json\/wp\/v2\/media?parent=641"}],"curies":[{"name":"wp","href":"https:\/\/api.w.org\/{rel}","templated":true}]}}